{"id":305,"date":"2014-09-18T08:55:37","date_gmt":"2014-09-18T06:55:37","guid":{"rendered":"http:\/\/www.inmas.ro\/?page_id=305"},"modified":"2014-11-10T12:34:00","modified_gmt":"2014-11-10T10:34:00","slug":"medicina-hiperbara","status":"publish","type":"page","link":"https:\/\/www.inmas.ro\/?page_id=305","title":{"rendered":"Medicin\u0103 hiperbar\u0103"},"content":{"rendered":"<div id=\"pl-305\"  class=\"panel-layout\" ><div id=\"pg-305-0\"  class=\"panel-grid panel-no-style\" ><div id=\"pgc-305-0-0\"  class=\"panel-grid-cell\" ><div id=\"panel-305-0-0-0\" class=\"so-panel widget widget_origin_list panel-first-child panel-last-child\" data-index=\"0\" ><div class=\"origin-widget origin-widget-list origin-widget-list-simple-charcoal\"><h3 class=\"widget-title\">Medicin\u0103 hiperbar\u0103<\/h3><\/div><\/div><\/div><\/div><div id=\"pg-305-1\"  class=\"panel-grid panel-no-style\" ><div id=\"pgc-305-1-0\"  class=\"panel-grid-cell\" ><div id=\"panel-305-1-0-0\" class=\"so-panel widget widget_circleicon-widget panel-first-child panel-last-child\" data-index=\"1\" >\t\t<div class=\"circle-icon-box circle-icon-position-left circle-icon-hide-box circle-icon-size-small\">\n\t\t\t<div class=\"circle-icon-wrapper\">\n                \t\t\t\t<div class=\"circle-icon\" >\n\t\t\t\t\t<div class=\"icon-user-md\"><\/div>\t\t\t\t<\/div>\n                \t\t\t<\/div>\n\n            \t\t\t<h4>Doctor Adrian Macovei<\/h4>            \n\t\t\t<p class=\"text\">Medic specialist \u00een medicin\u0103 de familie<\/p>\t\t\t\t\t<\/div>\n\t\t<\/div><\/div><div id=\"pgc-305-1-1\"  class=\"panel-grid-cell\" ><div id=\"panel-305-1-1-0\" class=\"so-panel widget widget_origin_list panel-first-child panel-last-child\" data-index=\"2\" ><div class=\"origin-widget origin-widget-list origin-widget-list-simple-blue\"><ul>\n<li> Doctor \u00een \u015ftiin\u0163e medicale<\/li>\n<li> Atestat de studii complementare \u00een medicina hiperbar\u0103<\/li>\n<\/ul>\n<\/div><\/div><\/div><\/div><div id=\"pg-305-2\"  class=\"panel-grid panel-no-style\" ><div id=\"pgc-305-2-0\"  class=\"panel-grid-cell\" ><div id=\"panel-305-2-0-0\" class=\"so-panel widget widget_origin_list panel-first-child panel-last-child\" data-index=\"3\" ><div class=\"origin-widget origin-widget-list origin-widget-list-simple-blue\"><h3 class=\"widget-title\">Dotare<\/h3><ul>\n<li> camer\u0103 hiperbar\u0103 monoloc BARAMED, cu control computerizat al profilelor de tratament \u015fi \u201eSmooth Ride\u201d, procedur\u0103 de compresie \u015fi decompresie care mic\u015foreaz\u0103 riscul barotraumei.<\/li>\n<\/ul>\n<\/div><\/div><\/div><div id=\"pgc-305-2-1\"  class=\"panel-grid-cell\" ><div id=\"panel-305-2-1-0\" class=\"so-panel widget widget_origin_list panel-first-child panel-last-child\" data-index=\"4\" ><div class=\"origin-widget origin-widget-list origin-widget-list-simple-blue\"><h3 class=\"widget-title\">Principiul terapeutic<\/h3><ul>\n<li> gr\u0103birea vindec\u0103rii prin neovasculariza\u0163ie, inhibarea proceselor de necroz\u0103 tisular\u0103, efect antiedematos<\/li>\n<li> datorit\u0103 limit\u0103rilor tehnice nu putem trata pacien\u0163i care necesit\u0103 terapie suportiv\u0103 sau asisten\u0163\u0103 \u00een interiorul barocamerei.<\/li>\n<\/ul>\n<\/div><\/div><\/div><\/div><div id=\"pg-305-3\"  class=\"panel-grid panel-no-style\" ><div id=\"pgc-305-3-0\"  class=\"panel-grid-cell\" ><div id=\"panel-305-3-0-0\" class=\"so-panel widget widget_origin_list panel-first-child\" data-index=\"5\" ><div class=\"origin-widget origin-widget-list origin-widget-list-simple-charcoal\"><h3 class=\"widget-title\">Indica\u0163ii sigure<\/h3><ul>\n<li> Boala de decompresie<\/li>\n<li> Embolia gazoas\u0103<\/li>\n<li> Intoxica\u0163ia cu CO<\/li>\n<li> Sindromul de strivire<\/li>\n<li> Osteoradionecroza mandibular\u0103<\/li>\n<li> Radionecroza \u0163esuturilor moi (cistita radic\u0103) <\/li>\n<li> Infec\u0163iile cu anaerobi<\/li>\n<\/ul>\n<\/div><\/div><div id=\"panel-305-3-0-1\" class=\"so-panel widget widget_origin_list panel-last-child\" data-index=\"6\" ><div class=\"origin-widget origin-widget-list origin-widget-list-simple-charcoal\"><h3 class=\"widget-title\">Indica\u0163ii posibile<\/h3><ul>\n<li> Surditatea brusc instalat\u0103<\/li>\n<li> Encefalopatie post anoxic\u0103 <\/li>\n<li> Radionecroza laringelui <\/li>\n<li> Leziuni SNC induse radic <\/li>\n<li> Sindromul ischemie-reperfuzie <\/li>\n<li> Reata\u015farea membrelor<\/li>\n<li> Arsuri gradul II peste 20% din suprafa\u0163a corpului <\/li>\n<li> R\u0103ni nevindecabile secundare proceselor inflamatorii <\/li>\n<li> Pneumatosis cystoides <\/li>\n<li> Ulcere trofice venoase <\/li>\n<li> Necroza avascular\u0103 de cap femural st I-II<\/li>\n<\/ul>\n<\/div><\/div><\/div><div id=\"pgc-305-3-1\"  class=\"panel-grid-cell\" ><div id=\"panel-305-3-1-0\" class=\"so-panel widget widget_origin_list panel-first-child\" data-index=\"7\" ><div class=\"origin-widget origin-widget-list origin-widget-list-simple-charcoal\"><h3 class=\"widget-title\">Indica\u0163ii recomandate<\/h3><ul>\n<li> Piciorul diabetic <\/li>\n<li> Grefe compromise <\/li>\n<li> Osteoradionecroza alta dec\u00e2t mandibular\u0103 <\/li>\n<li> Proctita\/ileita radic\u0103<\/li>\n<li> Preg\u0103tire preoperatorie pentru \u0163esuturi iradiate<\/li>\n<li> Ulcerele trofice (nu venoase) <\/li>\n<li> Osteomielita cronic\u0103 rezistent\u0103 la tratament<\/li>\n<li> Transplantul de organ<\/li>\n<\/ul>\n<\/div><\/div><div id=\"panel-305-3-1-1\" class=\"so-panel widget widget_origin_list panel-last-child\" data-index=\"8\" ><div class=\"origin-widget origin-widget-list origin-widget-list-simple-charcoal\"><h3 class=\"widget-title\">Indica\u0163ii controversate<\/h3><ul>\n<li> Necroza avascular\u0103 de cap femural st III-IV<\/li>\n<li> Retinitis pigmentosa<\/li>\n<li> Tinitus<\/li>\n<li> Cistita intersti\u0163ial\u0103<\/li>\n<li> Insuficien\u0163a feto-placentar\u0103 <\/li>\n<li> Paralizia facial\u0103 Bell<\/li>\n<\/ul>\n<\/div><\/div><\/div><\/div><\/div>","protected":false},"excerpt":{"rendered":"<p>Medicin\u0103 hiperbar\u0103 Doctor Adrian Macovei Medic specialist \u00een medicin\u0103 de familie Doctor \u00een \u015ftiin\u0163e medicale Atestat de studii complementare \u00een medicina hiperbar\u0103 Dotare camer\u0103 hiperbar\u0103 monoloc BARAMED, cu control computerizat al profilelor de tratament \u015fi \u201eSmooth Ride\u201d, procedur\u0103 de compresie \u015fi decompresie care mic\u015foreaz\u0103 riscul barotraumei. Principiul terapeutic gr\u0103birea vindec\u0103rii prin neovasculariza\u0163ie, inhibarea proceselor de [&hellip;]<\/p>\n","protected":false},"author":6,"featured_media":0,"parent":0,"menu_order":0,"comment_status":"closed","ping_status":"closed","template":"","meta":{"footnotes":""},"class_list":["post-305","page","type-page","status-publish","hentry","post"],"_links":{"self":[{"href":"https:\/\/www.inmas.ro\/index.php?rest_route=\/wp\/v2\/pages\/305","targetHints":{"allow":["GET"]}}],"collection":[{"href":"https:\/\/www.inmas.ro\/index.php?rest_route=\/wp\/v2\/pages"}],"about":[{"href":"https:\/\/www.inmas.ro\/index.php?rest_route=\/wp\/v2\/types\/page"}],"author":[{"embeddable":true,"href":"https:\/\/www.inmas.ro\/index.php?rest_route=\/wp\/v2\/users\/6"}],"replies":[{"embeddable":true,"href":"https:\/\/www.inmas.ro\/index.php?rest_route=%2Fwp%2Fv2%2Fcomments&post=305"}],"version-history":[{"count":1,"href":"https:\/\/www.inmas.ro\/index.php?rest_route=\/wp\/v2\/pages\/305\/revisions"}],"predecessor-version":[{"id":306,"href":"https:\/\/www.inmas.ro\/index.php?rest_route=\/wp\/v2\/pages\/305\/revisions\/306"}],"wp:attachment":[{"href":"https:\/\/www.inmas.ro\/index.php?rest_route=%2Fwp%2Fv2%2Fmedia&parent=305"}],"curies":[{"name":"wp","href":"https:\/\/api.w.org\/{rel}","templated":true}]}}