{"id":16,"date":"2014-08-12T05:08:33","date_gmt":"2014-08-12T03:08:33","guid":{"rendered":"http:\/\/www.inmas.ro\/?page_id=16"},"modified":"2025-12-02T14:29:09","modified_gmt":"2025-12-02T12:29:09","slug":"contact","status":"publish","type":"page","link":"https:\/\/www.inmas.ro\/?page_id=16","title":{"rendered":"Contact"},"content":{"rendered":"<p><iframe loading=\"lazy\" style=\"border: 0;\" src=\"https:\/\/www.google.com\/maps\/embed?pb=!1m18!1m12!1m3!1d2361.008924331866!2d26.07140513019308!3d44.442023354595506!2m3!1f0!2f0!3f0!3m2!1i1024!2i768!4f13.1!3m3!1m2!1s0x40b201e3d1da90b1%3A0x422cbfe2e6889c64!2sNational%20Aviation%20and%20Space%20Medicine%20Institute!5e0!3m2!1sro!2sro!4v1674734498010!5m2!1sro!2sro\" width=\"100%\" height=\"450\" allowfullscreen=\"allowfullscreen\"><\/iframe><span style=\"color: #000000;\"><strong>Adresa: <\/strong><\/span><span style=\"color: #000000;\">Strada Mircea Vulc\u0103nescu 88, Sector 1, Bucure\u015fti, ROM\u00c2NIA<\/span><\/p>\n<p><strong><span style=\"color: #ff0000;\">NOTA:\u00a0Accesul\u00a0 se face, doar pietonal, prin Calea Plevnei, nr.134, pe poarta pentru pacien\u0163i a Spitalului \u00a0Militar\u00a0Central.<\/span><\/strong><\/p>\n<p><span style=\"color: #000000;\"><strong>Fax:<\/strong> 021.319.70.82<\/span><br \/><span style=\"color: #000000;\"> <strong>Email:<\/strong> inmas@mapn.ro<\/span><\/p>\n<p><strong>Program\u0103ri consulta\u0163ii \/ investiga\u0163ii medicale:<\/strong><\/p>\n<ol>\n<li><strong>Online<\/strong> \u00een sec\u0163iunea <em>Program\u0103ri online<\/em><\/li>\n<li><strong>Telefonic<\/strong> \u00een intervalul orar 11.00-13.00 la telefon 021.3187248 sau 021.3052000 \u2013 tasta 1<\/li>\n<\/ol>\n<p>Program\u0103ri AME (Air Medical Examination): exclusiv <strong>online<\/strong> \u00een sec\u0163iunea <em>Program\u0103ri online.<\/em><\/p>\n<p><em>\u00a0<\/em><\/p>\n<p><strong>Medical consultation \/ investigation appointments:<\/strong><\/p>\n<ol>\n<li><strong>Online<\/strong> in the Online Appointments section<\/li>\n<li><strong style=\"font-size: revert; color: initial;\">By phone<\/strong><span style=\"font-size: revert; color: initial;\"> between 11:00-13:00 at 021.3187248 or 021.3052000 \u2013 press 1<\/span><\/li>\n<\/ol>\n<p>AME (Air Medical Examination) appointments: exclusively <strong>online<\/strong> in the Online Appointments section<\/p>\n<p>\u00a0<\/p>\n<p><span style=\"color: #000000;\"><strong style=\"color: #000000;\">\u00a0<span style=\"color: #000000;\">\u00a0<\/span><\/strong><em>For the Medical &#8211; Aeronautical Expertise registrar office, call: 0040.21.305.2000, then, after listening to the audio message, press 2 or dial 210.<\/em><\/span><\/p>\n<p><span style=\"color: #000000;\">\u00a0<\/span><\/p>\n\n\n<p><\/p>\n","protected":false},"excerpt":{"rendered":"<p>Adresa: Strada Mircea Vulc\u0103nescu 88, Sector 1, Bucure\u015fti, ROM\u00c2NIA NOTA:\u00a0Accesul\u00a0 se face, doar pietonal, prin Calea Plevnei, nr.134, pe poarta pentru pacien\u0163i a Spitalului \u00a0Militar\u00a0Central. Fax: 021.319.70.82 Email: inmas@mapn.ro Program\u0103ri consulta\u0163ii \/ investiga\u0163ii medicale: Online \u00een sec\u0163iunea Program\u0103ri online Telefonic \u00een intervalul orar 11.00-13.00 la telefon 021.3187248 sau 021.3052000 \u2013 tasta 1 Program\u0103ri AME (Air [&hellip;]<\/p>\n","protected":false},"author":6,"featured_media":0,"parent":0,"menu_order":0,"comment_status":"closed","ping_status":"closed","template":"templates\/template-full.php","meta":{"footnotes":""},"class_list":["post-16","page","type-page","status-publish","hentry","post"],"_links":{"self":[{"href":"https:\/\/www.inmas.ro\/index.php?rest_route=\/wp\/v2\/pages\/16","targetHints":{"allow":["GET"]}}],"collection":[{"href":"https:\/\/www.inmas.ro\/index.php?rest_route=\/wp\/v2\/pages"}],"about":[{"href":"https:\/\/www.inmas.ro\/index.php?rest_route=\/wp\/v2\/types\/page"}],"author":[{"embeddable":true,"href":"https:\/\/www.inmas.ro\/index.php?rest_route=\/wp\/v2\/users\/6"}],"replies":[{"embeddable":true,"href":"https:\/\/www.inmas.ro\/index.php?rest_route=%2Fwp%2Fv2%2Fcomments&post=16"}],"version-history":[{"count":41,"href":"https:\/\/www.inmas.ro\/index.php?rest_route=\/wp\/v2\/pages\/16\/revisions"}],"predecessor-version":[{"id":4568,"href":"https:\/\/www.inmas.ro\/index.php?rest_route=\/wp\/v2\/pages\/16\/revisions\/4568"}],"wp:attachment":[{"href":"https:\/\/www.inmas.ro\/index.php?rest_route=%2Fwp%2Fv2%2Fmedia&parent=16"}],"curies":[{"name":"wp","href":"https:\/\/api.w.org\/{rel}","templated":true}]}}